{"id":89,"date":"2019-03-19T19:39:47","date_gmt":"2019-03-19T22:39:47","guid":{"rendered":"http:\/\/mmromeirocar.com.br\/?page_id=89"},"modified":"2024-09-13T16:31:12","modified_gmt":"2024-09-13T19:31:12","slug":"eletrica","status":"publish","type":"page","link":"https:\/\/mmromeirocar.com.br\/index.php\/eletrica\/","title":{"rendered":"AUTO EL\u00c9TRICA 24 HORAS"},"content":{"rendered":"\n<figure class=\"wp-block-gallery has-nested-images columns-default is-cropped wp-block-gallery-1 is-layout-flex wp-block-gallery-is-layout-flex\">\n<figure class=\"wp-block-image size-large\"><img fetchpriority=\"high\" decoding=\"async\" width=\"720\" height=\"724\" data-id=\"6887\" src=\"https:\/\/mmromeirocar.com.br\/wp-content\/uploads\/2022\/02\/socorro-para-carros-24-horas-bom-retiro.jpg\" alt=\"\" class=\"wp-image-6887\" srcset=\"https:\/\/mmromeirocar.com.br\/wp-content\/uploads\/2022\/02\/socorro-para-carros-24-horas-bom-retiro.jpg 720w, https:\/\/mmromeirocar.com.br\/wp-content\/uploads\/2022\/02\/socorro-para-carros-24-horas-bom-retiro-150x150.jpg 150w, https:\/\/mmromeirocar.com.br\/wp-content\/uploads\/2022\/02\/socorro-para-carros-24-horas-bom-retiro-298x300.jpg 298w\" sizes=\"(max-width: 720px) 100vw, 720px\" \/><\/figure>\n\n\n\n<figure class=\"wp-block-image size-large\"><img decoding=\"async\" width=\"718\" height=\"1024\" data-id=\"6884\" src=\"https:\/\/mmromeirocar.com.br\/wp-content\/uploads\/2022\/02\/socorro-para-carros-24-horas-belenzinho-718x1024.jpg\" alt=\"\" class=\"wp-image-6884\" srcset=\"https:\/\/mmromeirocar.com.br\/wp-content\/uploads\/2022\/02\/socorro-para-carros-24-horas-belenzinho-718x1024.jpg 718w, https:\/\/mmromeirocar.com.br\/wp-content\/uploads\/2022\/02\/socorro-para-carros-24-horas-belenzinho-210x300.jpg 210w, https:\/\/mmromeirocar.com.br\/wp-content\/uploads\/2022\/02\/socorro-para-carros-24-horas-belenzinho.jpg 720w\" sizes=\"(max-width: 718px) 100vw, 718px\" \/><\/figure>\n\n\n\n<figure class=\"wp-block-image size-large\"><img decoding=\"async\" width=\"621\" height=\"1024\" data-id=\"6866\" src=\"https:\/\/mmromeirocar.com.br\/wp-content\/uploads\/2022\/02\/socorro-para-carros-24-horas-analia-franco-621x1024.jpg\" alt=\"\" class=\"wp-image-6866\" srcset=\"https:\/\/mmromeirocar.com.br\/wp-content\/uploads\/2022\/02\/socorro-para-carros-24-horas-analia-franco-621x1024.jpg 621w, https:\/\/mmromeirocar.com.br\/wp-content\/uploads\/2022\/02\/socorro-para-carros-24-horas-analia-franco-182x300.jpg 182w, https:\/\/mmromeirocar.com.br\/wp-content\/uploads\/2022\/02\/socorro-para-carros-24-horas-analia-franco-768x1266.jpg 768w, https:\/\/mmromeirocar.com.br\/wp-content\/uploads\/2022\/02\/socorro-para-carros-24-horas-analia-franco.jpg 900w\" sizes=\"(max-width: 621px) 100vw, 621px\" \/><\/figure>\n\n\n\n<figure class=\"wp-block-image size-large\"><img loading=\"lazy\" decoding=\"async\" width=\"720\" height=\"870\" data-id=\"6842\" src=\"https:\/\/mmromeirocar.com.br\/wp-content\/uploads\/2022\/02\/socorro-para-carros-24-horas-agua-funda.jpg\" alt=\"\" class=\"wp-image-6842\" srcset=\"https:\/\/mmromeirocar.com.br\/wp-content\/uploads\/2022\/02\/socorro-para-carros-24-horas-agua-funda.jpg 720w, https:\/\/mmromeirocar.com.br\/wp-content\/uploads\/2022\/02\/socorro-para-carros-24-horas-agua-funda-248x300.jpg 248w\" sizes=\"(max-width: 720px) 100vw, 720px\" \/><\/figure>\n\n\n\n<figure class=\"wp-block-image size-large\"><img loading=\"lazy\" decoding=\"async\" width=\"540\" height=\"407\" data-id=\"6839\" src=\"https:\/\/mmromeirocar.com.br\/wp-content\/uploads\/2022\/02\/socorro-para-carros-24-horas-agua-fria.jpg\" alt=\"\" class=\"wp-image-6839\" srcset=\"https:\/\/mmromeirocar.com.br\/wp-content\/uploads\/2022\/02\/socorro-para-carros-24-horas-agua-fria.jpg 540w, https:\/\/mmromeirocar.com.br\/wp-content\/uploads\/2022\/02\/socorro-para-carros-24-horas-agua-fria-300x226.jpg 300w\" sizes=\"(max-width: 540px) 100vw, 540px\" \/><\/figure>\n\n\n\n<figure class=\"wp-block-image size-large\"><img loading=\"lazy\" decoding=\"async\" width=\"720\" height=\"985\" data-id=\"6833\" src=\"https:\/\/mmromeirocar.com.br\/wp-content\/uploads\/2022\/02\/socorro-para-carros-24-horas-aclimacao.jpg\" alt=\"\" class=\"wp-image-6833\" srcset=\"https:\/\/mmromeirocar.com.br\/wp-content\/uploads\/2022\/02\/socorro-para-carros-24-horas-aclimacao.jpg 720w, https:\/\/mmromeirocar.com.br\/wp-content\/uploads\/2022\/02\/socorro-para-carros-24-horas-aclimacao-219x300.jpg 219w\" sizes=\"(max-width: 720px) 100vw, 720px\" \/><\/figure>\n\n\n\n<figure class=\"wp-block-image size-large\"><img loading=\"lazy\" decoding=\"async\" width=\"720\" height=\"991\" data-id=\"6808\" src=\"https:\/\/mmromeirocar.com.br\/wp-content\/uploads\/2022\/02\/socorro-eletrico-para-caminhoes-24-horas-parque-fongaro.jpg\" alt=\"\" class=\"wp-image-6808\" srcset=\"https:\/\/mmromeirocar.com.br\/wp-content\/uploads\/2022\/02\/socorro-eletrico-para-caminhoes-24-horas-parque-fongaro.jpg 720w, https:\/\/mmromeirocar.com.br\/wp-content\/uploads\/2022\/02\/socorro-eletrico-para-caminhoes-24-horas-parque-fongaro-218x300.jpg 218w\" sizes=\"(max-width: 720px) 100vw, 720px\" \/><\/figure>\n\n\n\n<figure class=\"wp-block-image size-large\"><img loading=\"lazy\" decoding=\"async\" width=\"720\" height=\"1010\" data-id=\"6811\" src=\"https:\/\/mmromeirocar.com.br\/wp-content\/uploads\/2022\/02\/socorro-eletrico-para-caminhoes-24-horas-parque-ibirapuera.jpg\" alt=\"\" class=\"wp-image-6811\" srcset=\"https:\/\/mmromeirocar.com.br\/wp-content\/uploads\/2022\/02\/socorro-eletrico-para-caminhoes-24-horas-parque-ibirapuera.jpg 720w, https:\/\/mmromeirocar.com.br\/wp-content\/uploads\/2022\/02\/socorro-eletrico-para-caminhoes-24-horas-parque-ibirapuera-214x300.jpg 214w\" sizes=\"(max-width: 720px) 100vw, 720px\" \/><\/figure>\n\n\n\n<figure class=\"wp-block-image size-large\"><img loading=\"lazy\" decoding=\"async\" width=\"799\" height=\"535\" data-id=\"6739\" src=\"https:\/\/mmromeirocar.com.br\/wp-content\/uploads\/2022\/01\/baterias-de-75-amperes-parque-maria-luiza.jpg\" alt=\"\" class=\"wp-image-6739\" srcset=\"https:\/\/mmromeirocar.com.br\/wp-content\/uploads\/2022\/01\/baterias-de-75-amperes-parque-maria-luiza.jpg 799w, https:\/\/mmromeirocar.com.br\/wp-content\/uploads\/2022\/01\/baterias-de-75-amperes-parque-maria-luiza-300x201.jpg 300w, https:\/\/mmromeirocar.com.br\/wp-content\/uploads\/2022\/01\/baterias-de-75-amperes-parque-maria-luiza-768x514.jpg 768w\" sizes=\"(max-width: 799px) 100vw, 799px\" \/><\/figure>\n\n\n\n<figure class=\"wp-block-image size-large\"><img loading=\"lazy\" decoding=\"async\" width=\"720\" height=\"1024\" data-id=\"6766\" src=\"https:\/\/mmromeirocar.com.br\/wp-content\/uploads\/2022\/02\/socorro-eletrico-para-caminhoes-24-horas-parque-bristol-720x1024.jpg\" alt=\"\" class=\"wp-image-6766\" srcset=\"https:\/\/mmromeirocar.com.br\/wp-content\/uploads\/2022\/02\/socorro-eletrico-para-caminhoes-24-horas-parque-bristol.jpg 720w, https:\/\/mmromeirocar.com.br\/wp-content\/uploads\/2022\/02\/socorro-eletrico-para-caminhoes-24-horas-parque-bristol-211x300.jpg 211w\" sizes=\"(max-width: 720px) 100vw, 720px\" \/><\/figure>\n\n\n\n<figure class=\"wp-block-image size-large\"><img loading=\"lazy\" decoding=\"async\" width=\"718\" height=\"1024\" data-id=\"6769\" src=\"https:\/\/mmromeirocar.com.br\/wp-content\/uploads\/2022\/02\/socorro-eletrico-para-caminhoes-24-horas-parque-cisper-718x1024.jpg\" alt=\"\" class=\"wp-image-6769\" srcset=\"https:\/\/mmromeirocar.com.br\/wp-content\/uploads\/2022\/02\/socorro-eletrico-para-caminhoes-24-horas-parque-cisper-718x1024.jpg 718w, https:\/\/mmromeirocar.com.br\/wp-content\/uploads\/2022\/02\/socorro-eletrico-para-caminhoes-24-horas-parque-cisper-210x300.jpg 210w, https:\/\/mmromeirocar.com.br\/wp-content\/uploads\/2022\/02\/socorro-eletrico-para-caminhoes-24-horas-parque-cisper.jpg 720w\" sizes=\"(max-width: 718px) 100vw, 718px\" \/><\/figure>\n\n\n\n<figure class=\"wp-block-image size-large\"><img loading=\"lazy\" decoding=\"async\" width=\"1024\" height=\"520\" data-id=\"6772\" src=\"https:\/\/mmromeirocar.com.br\/wp-content\/uploads\/2022\/02\/socorro-eletrico-para-caminhoes-24-horas-parque-colonial-1024x520.jpg\" alt=\"\" class=\"wp-image-6772\" srcset=\"https:\/\/mmromeirocar.com.br\/wp-content\/uploads\/2022\/02\/socorro-eletrico-para-caminhoes-24-horas-parque-colonial-1024x520.jpg 1024w, https:\/\/mmromeirocar.com.br\/wp-content\/uploads\/2022\/02\/socorro-eletrico-para-caminhoes-24-horas-parque-colonial-300x152.jpg 300w, https:\/\/mmromeirocar.com.br\/wp-content\/uploads\/2022\/02\/socorro-eletrico-para-caminhoes-24-horas-parque-colonial-768x390.jpg 768w, https:\/\/mmromeirocar.com.br\/wp-content\/uploads\/2022\/02\/socorro-eletrico-para-caminhoes-24-horas-parque-colonial.jpg 1211w\" sizes=\"(max-width: 1024px) 100vw, 1024px\" \/><\/figure>\n<\/figure>\n\n\n\n<h3 class=\"wp-block-heading\">El\u00e9trica automotiva completa<\/h3>\n\n\n\n<p>A MM Romeiro presta socorro e servi\u00e7os mec\u00e2nicos e auto el\u00e9tricos 24 horas no local !<\/p>\n\n\n\n<p>Com equipe altamente especializada e eficaz atendemos a todos os tipos de pane el\u00e9tricas e mec\u00e2nicas, desde uma simples troca de bateria a problemas mais complexos.<\/p>\n\n\n\n<p>Atendemos em toda grande S\u00e3o Paulo no local e 24 horas<\/p>\n\n\n\n<p>Entre em contato agora mesmo !<\/p>\n\n\n\n<p>Auto El\u00e9trica 24 Horas<\/p>\n\n\n\n<h2 class=\"wp-block-heading\">Ligue ou Whats App (11) 95000-1273<\/h2>\n\n\n\n<ul class=\"wp-block-list\">\n<li>Inje\u00e7\u00e3o Eletr\u00f4nica<\/li>\n\n\n\n<li>Baterias<\/li>\n\n\n\n<li>Igni\u00e7\u00e3o<\/li>\n\n\n\n<li>Cabeamento<\/li>\n<\/ul>\n\n\n\n<ul class=\"wp-block-list\">\n<li>Inspe\u00e7\u00e3o<\/li>\n\n\n\n<li>Regulagem<\/li>\n\n\n\n<li>Instala\u00e7\u00f5es<\/li>\n\n\n\n<li>Adapta\u00e7\u00f5es<\/li>\n<\/ul>\n","protected":false},"excerpt":{"rendered":"<p class=\"qua-blog-post-description\">El\u00e9trica automotiva completa A MM Romeiro presta socorro e servi\u00e7os mec\u00e2nicos e auto el\u00e9tricos 24 horas no local ! Com equipe altamente especializada e eficaz atendemos a todos os tipos de pane el\u00e9tricas e mec\u00e2nicas, desde uma simples troca de bateria a problemas mais complexos. Atendemos em toda grande S\u00e3o Paulo no local e 24 [&hellip;]<\/p>\n","protected":false},"author":1,"featured_media":0,"parent":0,"menu_order":3,"comment_status":"closed","ping_status":"closed","template":"","meta":{"footnotes":""},"class_list":["post-89","page","type-page","status-publish","hentry"],"yoast_head":"<!-- This site is optimized with the Yoast SEO plugin v23.9 - https:\/\/yoast.com\/wordpress\/plugins\/seo\/ -->\n<title>AUTO EL\u00c9TRICA 24 HORAS - MM ROMEIRO CAR<\/title>\n<meta name=\"robots\" content=\"index, follow, max-snippet:-1, max-image-preview:large, max-video-preview:-1\" \/>\n<link rel=\"canonical\" href=\"https:\/\/mmromeirocar.com.br\/index.php\/eletrica\/\" \/>\n<meta property=\"og:locale\" content=\"en_US\" \/>\n<meta property=\"og:type\" content=\"article\" \/>\n<meta property=\"og:title\" content=\"AUTO EL\u00c9TRICA 24 HORAS - MM ROMEIRO CAR\" \/>\n<meta property=\"og:description\" content=\"El\u00e9trica automotiva completa A MM Romeiro presta socorro e servi\u00e7os mec\u00e2nicos e auto el\u00e9tricos 24 horas no local ! Com equipe altamente especializada e eficaz atendemos a todos os tipos de pane el\u00e9tricas e mec\u00e2nicas, desde uma simples troca de bateria a problemas mais complexos. Atendemos em toda grande S\u00e3o Paulo no local e 24 [&hellip;]\" \/>\n<meta property=\"og:url\" content=\"https:\/\/mmromeirocar.com.br\/index.php\/eletrica\/\" \/>\n<meta property=\"og:site_name\" content=\"MM ROMEIRO CAR\" \/>\n<meta property=\"article:modified_time\" content=\"2024-09-13T19:31:12+00:00\" \/>\n<meta property=\"og:image\" content=\"https:\/\/mmromeirocar.com.br\/wp-content\/uploads\/2022\/02\/socorro-para-carros-24-horas-bom-retiro.jpg\" \/>\n<meta name=\"twitter:card\" content=\"summary_large_image\" \/>\n<meta name=\"twitter:label1\" content=\"Est. reading time\" \/>\n\t<meta name=\"twitter:data1\" content=\"3 minutes\" \/>\n<script type=\"application\/ld+json\" class=\"yoast-schema-graph\">{\"@context\":\"https:\/\/schema.org\",\"@graph\":[{\"@type\":\"WebPage\",\"@id\":\"https:\/\/mmromeirocar.com.br\/index.php\/eletrica\/\",\"url\":\"https:\/\/mmromeirocar.com.br\/index.php\/eletrica\/\",\"name\":\"AUTO EL\u00c9TRICA 24 HORAS - MM ROMEIRO CAR\",\"isPartOf\":{\"@id\":\"https:\/\/mmromeirocar.com.br\/#website\"},\"primaryImageOfPage\":{\"@id\":\"https:\/\/mmromeirocar.com.br\/index.php\/eletrica\/#primaryimage\"},\"image\":{\"@id\":\"https:\/\/mmromeirocar.com.br\/index.php\/eletrica\/#primaryimage\"},\"thumbnailUrl\":\"https:\/\/mmromeirocar.com.br\/wp-content\/uploads\/2022\/02\/socorro-para-carros-24-horas-bom-retiro.jpg\",\"datePublished\":\"2019-03-19T22:39:47+00:00\",\"dateModified\":\"2024-09-13T19:31:12+00:00\",\"breadcrumb\":{\"@id\":\"https:\/\/mmromeirocar.com.br\/index.php\/eletrica\/#breadcrumb\"},\"inLanguage\":\"en-US\",\"potentialAction\":[{\"@type\":\"ReadAction\",\"target\":[\"https:\/\/mmromeirocar.com.br\/index.php\/eletrica\/\"]}]},{\"@type\":\"ImageObject\",\"inLanguage\":\"en-US\",\"@id\":\"https:\/\/mmromeirocar.com.br\/index.php\/eletrica\/#primaryimage\",\"url\":\"https:\/\/mmromeirocar.com.br\/wp-content\/uploads\/2022\/02\/socorro-para-carros-24-horas-bom-retiro.jpg\",\"contentUrl\":\"https:\/\/mmromeirocar.com.br\/wp-content\/uploads\/2022\/02\/socorro-para-carros-24-horas-bom-retiro.jpg\",\"width\":720,\"height\":724},{\"@type\":\"BreadcrumbList\",\"@id\":\"https:\/\/mmromeirocar.com.br\/index.php\/eletrica\/#breadcrumb\",\"itemListElement\":[{\"@type\":\"ListItem\",\"position\":1,\"name\":\"In\u00edcio\",\"item\":\"https:\/\/mmromeirocar.com.br\/\"},{\"@type\":\"ListItem\",\"position\":2,\"name\":\"AUTO EL\u00c9TRICA 24 HORAS\"}]},{\"@type\":\"WebSite\",\"@id\":\"https:\/\/mmromeirocar.com.br\/#website\",\"url\":\"https:\/\/mmromeirocar.com.br\/\",\"name\":\"MM ROMEIRO CAR\",\"description\":\"Socorro 24 horas\",\"potentialAction\":[{\"@type\":\"SearchAction\",\"target\":{\"@type\":\"EntryPoint\",\"urlTemplate\":\"https:\/\/mmromeirocar.com.br\/?s={search_term_string}\"},\"query-input\":{\"@type\":\"PropertyValueSpecification\",\"valueRequired\":true,\"valueName\":\"search_term_string\"}}],\"inLanguage\":\"en-US\"}]}<\/script>\n<!-- \/ Yoast SEO plugin. -->","yoast_head_json":{"title":"AUTO EL\u00c9TRICA 24 HORAS - MM ROMEIRO CAR","robots":{"index":"index","follow":"follow","max-snippet":"max-snippet:-1","max-image-preview":"max-image-preview:large","max-video-preview":"max-video-preview:-1"},"canonical":"https:\/\/mmromeirocar.com.br\/index.php\/eletrica\/","og_locale":"en_US","og_type":"article","og_title":"AUTO EL\u00c9TRICA 24 HORAS - MM ROMEIRO CAR","og_description":"El\u00e9trica automotiva completa A MM Romeiro presta socorro e servi\u00e7os mec\u00e2nicos e auto el\u00e9tricos 24 horas no local ! Com equipe altamente especializada e eficaz atendemos a todos os tipos de pane el\u00e9tricas e mec\u00e2nicas, desde uma simples troca de bateria a problemas mais complexos. Atendemos em toda grande S\u00e3o Paulo no local e 24 [&hellip;]","og_url":"https:\/\/mmromeirocar.com.br\/index.php\/eletrica\/","og_site_name":"MM ROMEIRO CAR","article_modified_time":"2024-09-13T19:31:12+00:00","og_image":[{"url":"https:\/\/mmromeirocar.com.br\/wp-content\/uploads\/2022\/02\/socorro-para-carros-24-horas-bom-retiro.jpg"}],"twitter_card":"summary_large_image","twitter_misc":{"Est. reading time":"3 minutes"},"schema":{"@context":"https:\/\/schema.org","@graph":[{"@type":"WebPage","@id":"https:\/\/mmromeirocar.com.br\/index.php\/eletrica\/","url":"https:\/\/mmromeirocar.com.br\/index.php\/eletrica\/","name":"AUTO EL\u00c9TRICA 24 HORAS - MM ROMEIRO CAR","isPartOf":{"@id":"https:\/\/mmromeirocar.com.br\/#website"},"primaryImageOfPage":{"@id":"https:\/\/mmromeirocar.com.br\/index.php\/eletrica\/#primaryimage"},"image":{"@id":"https:\/\/mmromeirocar.com.br\/index.php\/eletrica\/#primaryimage"},"thumbnailUrl":"https:\/\/mmromeirocar.com.br\/wp-content\/uploads\/2022\/02\/socorro-para-carros-24-horas-bom-retiro.jpg","datePublished":"2019-03-19T22:39:47+00:00","dateModified":"2024-09-13T19:31:12+00:00","breadcrumb":{"@id":"https:\/\/mmromeirocar.com.br\/index.php\/eletrica\/#breadcrumb"},"inLanguage":"en-US","potentialAction":[{"@type":"ReadAction","target":["https:\/\/mmromeirocar.com.br\/index.php\/eletrica\/"]}]},{"@type":"ImageObject","inLanguage":"en-US","@id":"https:\/\/mmromeirocar.com.br\/index.php\/eletrica\/#primaryimage","url":"https:\/\/mmromeirocar.com.br\/wp-content\/uploads\/2022\/02\/socorro-para-carros-24-horas-bom-retiro.jpg","contentUrl":"https:\/\/mmromeirocar.com.br\/wp-content\/uploads\/2022\/02\/socorro-para-carros-24-horas-bom-retiro.jpg","width":720,"height":724},{"@type":"BreadcrumbList","@id":"https:\/\/mmromeirocar.com.br\/index.php\/eletrica\/#breadcrumb","itemListElement":[{"@type":"ListItem","position":1,"name":"In\u00edcio","item":"https:\/\/mmromeirocar.com.br\/"},{"@type":"ListItem","position":2,"name":"AUTO EL\u00c9TRICA 24 HORAS"}]},{"@type":"WebSite","@id":"https:\/\/mmromeirocar.com.br\/#website","url":"https:\/\/mmromeirocar.com.br\/","name":"MM ROMEIRO CAR","description":"Socorro 24 horas","potentialAction":[{"@type":"SearchAction","target":{"@type":"EntryPoint","urlTemplate":"https:\/\/mmromeirocar.com.br\/?s={search_term_string}"},"query-input":{"@type":"PropertyValueSpecification","valueRequired":true,"valueName":"search_term_string"}}],"inLanguage":"en-US"}]}},"_links":{"self":[{"href":"https:\/\/mmromeirocar.com.br\/index.php\/wp-json\/wp\/v2\/pages\/89","targetHints":{"allow":["GET"]}}],"collection":[{"href":"https:\/\/mmromeirocar.com.br\/index.php\/wp-json\/wp\/v2\/pages"}],"about":[{"href":"https:\/\/mmromeirocar.com.br\/index.php\/wp-json\/wp\/v2\/types\/page"}],"author":[{"embeddable":true,"href":"https:\/\/mmromeirocar.com.br\/index.php\/wp-json\/wp\/v2\/users\/1"}],"replies":[{"embeddable":true,"href":"https:\/\/mmromeirocar.com.br\/index.php\/wp-json\/wp\/v2\/comments?post=89"}],"version-history":[{"count":6,"href":"https:\/\/mmromeirocar.com.br\/index.php\/wp-json\/wp\/v2\/pages\/89\/revisions"}],"predecessor-version":[{"id":6937,"href":"https:\/\/mmromeirocar.com.br\/index.php\/wp-json\/wp\/v2\/pages\/89\/revisions\/6937"}],"wp:attachment":[{"href":"https:\/\/mmromeirocar.com.br\/index.php\/wp-json\/wp\/v2\/media?parent=89"}],"curies":[{"name":"wp","href":"https:\/\/api.w.org\/{rel}","templated":true}]}}