{"id":81,"date":"2019-03-19T19:34:46","date_gmt":"2019-03-19T22:34:46","guid":{"rendered":"http:\/\/mmromeirocar.com.br\/?page_id=81"},"modified":"2024-09-20T18:07:45","modified_gmt":"2024-09-20T21:07:45","slug":"mecanica","status":"publish","type":"page","link":"https:\/\/mmromeirocar.com.br\/index.php\/mecanica\/","title":{"rendered":"MEC\u00c2NICA"},"content":{"rendered":"\n<figure class=\"wp-block-gallery aligncenter has-nested-images columns-default is-cropped wp-block-gallery-1 is-layout-flex wp-block-gallery-is-layout-flex\">\n<figure class=\"wp-block-image size-full\"><img fetchpriority=\"high\" decoding=\"async\" width=\"2082\" height=\"1000\" data-id=\"6950\" src=\"https:\/\/mmromeirocar.com.br\/wp-content\/uploads\/2024\/09\/Frame-20.png\" alt=\"\" class=\"wp-image-6950\" srcset=\"https:\/\/mmromeirocar.com.br\/wp-content\/uploads\/2024\/09\/Frame-20.png 2082w, https:\/\/mmromeirocar.com.br\/wp-content\/uploads\/2024\/09\/Frame-20-300x144.png 300w, https:\/\/mmromeirocar.com.br\/wp-content\/uploads\/2024\/09\/Frame-20-1024x492.png 1024w, https:\/\/mmromeirocar.com.br\/wp-content\/uploads\/2024\/09\/Frame-20-768x369.png 768w, https:\/\/mmromeirocar.com.br\/wp-content\/uploads\/2024\/09\/Frame-20-1536x738.png 1536w, https:\/\/mmromeirocar.com.br\/wp-content\/uploads\/2024\/09\/Frame-20-2048x984.png 2048w\" sizes=\"(max-width: 2082px) 100vw, 2082px\" \/><\/figure>\n<\/figure>\n\n\n\n<h3 class=\"wp-block-heading\"><br>Todas as Marcas e Modelos<\/h3>\n\n\n\n<p>Quantas vezes voc\u00ea precisou de suporte mec\u00e2nico? N\u00e3o importa se voc\u00ea tem seguro automotivo ou n\u00e3o, em um determinando momento voc\u00ea pode precisar de atendimento de urg\u00eancia ou preventivo. A Conserta Carros \u00e9 uma empresa conceituada que oferece servi\u00e7os mec\u00e2nicos para todas as marcas e modelos automotivos. Tenha sempre a m\u00e3o o nosso contato. N\u00f3s vamos at\u00e9 voc\u00ea para solucionar qualquer que seja a sua necessidade.<\/p>\n\n\n\n<ul class=\"wp-block-list\">\n<li>Freios<\/li>\n\n\n\n<li>Cambio<\/li>\n\n\n\n<li>Motor<\/li>\n\n\n\n<li>Manuten\u00e7\u00e3o<\/li>\n<\/ul>\n\n\n\n<p><\/p>\n","protected":false},"excerpt":{"rendered":"<p class=\"qua-blog-post-description\">Todas as Marcas e Modelos Quantas vezes voc\u00ea precisou de suporte mec\u00e2nico? N\u00e3o importa se voc\u00ea tem seguro automotivo ou n\u00e3o, em um determinando momento voc\u00ea pode precisar de atendimento de urg\u00eancia ou preventivo. A Conserta Carros \u00e9 uma empresa conceituada que oferece servi\u00e7os mec\u00e2nicos para todas as marcas e modelos automotivos. Tenha sempre a [&hellip;]<\/p>\n","protected":false},"author":1,"featured_media":0,"parent":0,"menu_order":2,"comment_status":"closed","ping_status":"closed","template":"full-width.php","meta":{"footnotes":""},"class_list":["post-81","page","type-page","status-publish","hentry"],"yoast_head":"<!-- This site is optimized with the Yoast SEO plugin v27.4 - https:\/\/yoast.com\/product\/yoast-seo-wordpress\/ -->\n<title>MEC\u00c2NICA - MM ROMEIRO CAR<\/title>\n<meta name=\"robots\" content=\"index, follow, max-snippet:-1, max-image-preview:large, max-video-preview:-1\" \/>\n<link rel=\"canonical\" href=\"https:\/\/mmromeirocar.com.br\/index.php\/mecanica\/\" \/>\n<meta property=\"og:locale\" content=\"en_US\" \/>\n<meta property=\"og:type\" content=\"article\" \/>\n<meta property=\"og:title\" content=\"MEC\u00c2NICA - MM ROMEIRO CAR\" \/>\n<meta property=\"og:description\" content=\"Todas as Marcas e Modelos Quantas vezes voc\u00ea precisou de suporte mec\u00e2nico? N\u00e3o importa se voc\u00ea tem seguro automotivo ou n\u00e3o, em um determinando momento voc\u00ea pode precisar de atendimento de urg\u00eancia ou preventivo. A Conserta Carros \u00e9 uma empresa conceituada que oferece servi\u00e7os mec\u00e2nicos para todas as marcas e modelos automotivos. Tenha sempre a [&hellip;]\" \/>\n<meta property=\"og:url\" content=\"https:\/\/mmromeirocar.com.br\/index.php\/mecanica\/\" \/>\n<meta property=\"og:site_name\" content=\"MM ROMEIRO CAR\" \/>\n<meta property=\"article:modified_time\" content=\"2024-09-20T21:07:45+00:00\" \/>\n<meta property=\"og:image\" content=\"https:\/\/mmromeirocar.com.br\/wp-content\/uploads\/2024\/09\/Frame-20.png\" \/>\n<meta name=\"twitter:card\" content=\"summary_large_image\" \/>\n<meta name=\"twitter:label1\" content=\"Est. reading time\" \/>\n\t<meta name=\"twitter:data1\" content=\"1 minute\" \/>\n<script type=\"application\/ld+json\" class=\"yoast-schema-graph\">{\"@context\":\"https:\\\/\\\/schema.org\",\"@graph\":[{\"@type\":\"WebPage\",\"@id\":\"https:\\\/\\\/mmromeirocar.com.br\\\/index.php\\\/mecanica\\\/\",\"url\":\"https:\\\/\\\/mmromeirocar.com.br\\\/index.php\\\/mecanica\\\/\",\"name\":\"MEC\u00c2NICA - MM ROMEIRO CAR\",\"isPartOf\":{\"@id\":\"https:\\\/\\\/mmromeirocar.com.br\\\/#website\"},\"primaryImageOfPage\":{\"@id\":\"https:\\\/\\\/mmromeirocar.com.br\\\/index.php\\\/mecanica\\\/#primaryimage\"},\"image\":{\"@id\":\"https:\\\/\\\/mmromeirocar.com.br\\\/index.php\\\/mecanica\\\/#primaryimage\"},\"thumbnailUrl\":\"https:\\\/\\\/mmromeirocar.com.br\\\/wp-content\\\/uploads\\\/2024\\\/09\\\/Frame-20.png\",\"datePublished\":\"2019-03-19T22:34:46+00:00\",\"dateModified\":\"2024-09-20T21:07:45+00:00\",\"breadcrumb\":{\"@id\":\"https:\\\/\\\/mmromeirocar.com.br\\\/index.php\\\/mecanica\\\/#breadcrumb\"},\"inLanguage\":\"en-US\",\"potentialAction\":[{\"@type\":\"ReadAction\",\"target\":[\"https:\\\/\\\/mmromeirocar.com.br\\\/index.php\\\/mecanica\\\/\"]}]},{\"@type\":\"ImageObject\",\"inLanguage\":\"en-US\",\"@id\":\"https:\\\/\\\/mmromeirocar.com.br\\\/index.php\\\/mecanica\\\/#primaryimage\",\"url\":\"https:\\\/\\\/mmromeirocar.com.br\\\/wp-content\\\/uploads\\\/2024\\\/09\\\/Frame-20.png\",\"contentUrl\":\"https:\\\/\\\/mmromeirocar.com.br\\\/wp-content\\\/uploads\\\/2024\\\/09\\\/Frame-20.png\",\"width\":2082,\"height\":1000},{\"@type\":\"BreadcrumbList\",\"@id\":\"https:\\\/\\\/mmromeirocar.com.br\\\/index.php\\\/mecanica\\\/#breadcrumb\",\"itemListElement\":[{\"@type\":\"ListItem\",\"position\":1,\"name\":\"In\u00edcio\",\"item\":\"https:\\\/\\\/mmromeirocar.com.br\\\/\"},{\"@type\":\"ListItem\",\"position\":2,\"name\":\"MEC\u00c2NICA\"}]},{\"@type\":\"WebSite\",\"@id\":\"https:\\\/\\\/mmromeirocar.com.br\\\/#website\",\"url\":\"https:\\\/\\\/mmromeirocar.com.br\\\/\",\"name\":\"MM ROMEIRO CAR\",\"description\":\"Socorro 24 horas\",\"potentialAction\":[{\"@type\":\"SearchAction\",\"target\":{\"@type\":\"EntryPoint\",\"urlTemplate\":\"https:\\\/\\\/mmromeirocar.com.br\\\/?s={search_term_string}\"},\"query-input\":{\"@type\":\"PropertyValueSpecification\",\"valueRequired\":true,\"valueName\":\"search_term_string\"}}],\"inLanguage\":\"en-US\"}]}<\/script>\n<!-- \/ Yoast SEO plugin. -->","yoast_head_json":{"title":"MEC\u00c2NICA - MM ROMEIRO CAR","robots":{"index":"index","follow":"follow","max-snippet":"max-snippet:-1","max-image-preview":"max-image-preview:large","max-video-preview":"max-video-preview:-1"},"canonical":"https:\/\/mmromeirocar.com.br\/index.php\/mecanica\/","og_locale":"en_US","og_type":"article","og_title":"MEC\u00c2NICA - MM ROMEIRO CAR","og_description":"Todas as Marcas e Modelos Quantas vezes voc\u00ea precisou de suporte mec\u00e2nico? N\u00e3o importa se voc\u00ea tem seguro automotivo ou n\u00e3o, em um determinando momento voc\u00ea pode precisar de atendimento de urg\u00eancia ou preventivo. A Conserta Carros \u00e9 uma empresa conceituada que oferece servi\u00e7os mec\u00e2nicos para todas as marcas e modelos automotivos. Tenha sempre a [&hellip;]","og_url":"https:\/\/mmromeirocar.com.br\/index.php\/mecanica\/","og_site_name":"MM ROMEIRO CAR","article_modified_time":"2024-09-20T21:07:45+00:00","og_image":[{"url":"https:\/\/mmromeirocar.com.br\/wp-content\/uploads\/2024\/09\/Frame-20.png","type":"","width":"","height":""}],"twitter_card":"summary_large_image","twitter_misc":{"Est. reading time":"1 minute"},"schema":{"@context":"https:\/\/schema.org","@graph":[{"@type":"WebPage","@id":"https:\/\/mmromeirocar.com.br\/index.php\/mecanica\/","url":"https:\/\/mmromeirocar.com.br\/index.php\/mecanica\/","name":"MEC\u00c2NICA - MM ROMEIRO CAR","isPartOf":{"@id":"https:\/\/mmromeirocar.com.br\/#website"},"primaryImageOfPage":{"@id":"https:\/\/mmromeirocar.com.br\/index.php\/mecanica\/#primaryimage"},"image":{"@id":"https:\/\/mmromeirocar.com.br\/index.php\/mecanica\/#primaryimage"},"thumbnailUrl":"https:\/\/mmromeirocar.com.br\/wp-content\/uploads\/2024\/09\/Frame-20.png","datePublished":"2019-03-19T22:34:46+00:00","dateModified":"2024-09-20T21:07:45+00:00","breadcrumb":{"@id":"https:\/\/mmromeirocar.com.br\/index.php\/mecanica\/#breadcrumb"},"inLanguage":"en-US","potentialAction":[{"@type":"ReadAction","target":["https:\/\/mmromeirocar.com.br\/index.php\/mecanica\/"]}]},{"@type":"ImageObject","inLanguage":"en-US","@id":"https:\/\/mmromeirocar.com.br\/index.php\/mecanica\/#primaryimage","url":"https:\/\/mmromeirocar.com.br\/wp-content\/uploads\/2024\/09\/Frame-20.png","contentUrl":"https:\/\/mmromeirocar.com.br\/wp-content\/uploads\/2024\/09\/Frame-20.png","width":2082,"height":1000},{"@type":"BreadcrumbList","@id":"https:\/\/mmromeirocar.com.br\/index.php\/mecanica\/#breadcrumb","itemListElement":[{"@type":"ListItem","position":1,"name":"In\u00edcio","item":"https:\/\/mmromeirocar.com.br\/"},{"@type":"ListItem","position":2,"name":"MEC\u00c2NICA"}]},{"@type":"WebSite","@id":"https:\/\/mmromeirocar.com.br\/#website","url":"https:\/\/mmromeirocar.com.br\/","name":"MM ROMEIRO CAR","description":"Socorro 24 horas","potentialAction":[{"@type":"SearchAction","target":{"@type":"EntryPoint","urlTemplate":"https:\/\/mmromeirocar.com.br\/?s={search_term_string}"},"query-input":{"@type":"PropertyValueSpecification","valueRequired":true,"valueName":"search_term_string"}}],"inLanguage":"en-US"}]}},"_links":{"self":[{"href":"https:\/\/mmromeirocar.com.br\/index.php\/wp-json\/wp\/v2\/pages\/81","targetHints":{"allow":["GET"]}}],"collection":[{"href":"https:\/\/mmromeirocar.com.br\/index.php\/wp-json\/wp\/v2\/pages"}],"about":[{"href":"https:\/\/mmromeirocar.com.br\/index.php\/wp-json\/wp\/v2\/types\/page"}],"author":[{"embeddable":true,"href":"https:\/\/mmromeirocar.com.br\/index.php\/wp-json\/wp\/v2\/users\/1"}],"replies":[{"embeddable":true,"href":"https:\/\/mmromeirocar.com.br\/index.php\/wp-json\/wp\/v2\/comments?post=81"}],"version-history":[{"count":5,"href":"https:\/\/mmromeirocar.com.br\/index.php\/wp-json\/wp\/v2\/pages\/81\/revisions"}],"predecessor-version":[{"id":6952,"href":"https:\/\/mmromeirocar.com.br\/index.php\/wp-json\/wp\/v2\/pages\/81\/revisions\/6952"}],"wp:attachment":[{"href":"https:\/\/mmromeirocar.com.br\/index.php\/wp-json\/wp\/v2\/media?parent=81"}],"curies":[{"name":"wp","href":"https:\/\/api.w.org\/{rel}","templated":true}]}}