{"id":279,"date":"2019-04-17T17:19:33","date_gmt":"2019-04-17T20:19:33","guid":{"rendered":"http:\/\/mmromeirocar.com.br\/?page_id=279"},"modified":"2024-09-27T13:17:29","modified_gmt":"2024-09-27T16:17:29","slug":"bateria-automotiva","status":"publish","type":"page","link":"https:\/\/mmromeirocar.com.br\/index.php\/bateria-automotiva\/","title":{"rendered":"BATERIA AUTOMOTIVA"},"content":{"rendered":"\t\t<div data-elementor-type=\"wp-page\" data-elementor-id=\"279\" class=\"elementor elementor-279\">\n\t\t\t\t<div class=\"elementor-element elementor-element-25fae245 e-flex e-con-boxed e-con e-parent\" data-id=\"25fae245\" data-element_type=\"container\" data-e-type=\"container\">\n\t\t\t\t\t<div class=\"e-con-inner\">\n\t\t\t\t<div class=\"elementor-element elementor-element-19a2a97 elementor-widget elementor-widget-image\" data-id=\"19a2a97\" data-element_type=\"widget\" data-e-type=\"widget\" data-widget_type=\"image.default\">\n\t\t\t\t<div class=\"elementor-widget-container\">\n\t\t\t\t\t\t\t\t\t\t\t\t\t\t\t<img fetchpriority=\"high\" decoding=\"async\" width=\"554\" height=\"414\" src=\"https:\/\/mmromeirocar.com.br\/wp-content\/uploads\/2024\/09\/WhatsApp-Image-2024-09-24-at-09.53.16-2.jpeg\" class=\"attachment-large size-large wp-image-7034\" alt=\"\" srcset=\"https:\/\/mmromeirocar.com.br\/wp-content\/uploads\/2024\/09\/WhatsApp-Image-2024-09-24-at-09.53.16-2.jpeg 554w, https:\/\/mmromeirocar.com.br\/wp-content\/uploads\/2024\/09\/WhatsApp-Image-2024-09-24-at-09.53.16-2-300x224.jpeg 300w\" sizes=\"(max-width: 554px) 100vw, 554px\" \/>\t\t\t\t\t\t\t\t\t\t\t\t\t\t\t<\/div>\n\t\t\t\t<\/div>\n\t\t\t\t<div class=\"elementor-element elementor-element-53966a74 elementor-widget elementor-widget-text-editor\" data-id=\"53966a74\" data-element_type=\"widget\" data-e-type=\"widget\" data-widget_type=\"text-editor.default\">\n\t\t\t\t<div class=\"elementor-widget-container\">\n\t\t\t\t\t\t\t\t\t\n<p>A MM Romeiro presta socorro e servi\u00e7os mec\u00e2nicos e auto el\u00e9tricos 24 horas no local !<\/p>\n\n\n\n<p>Trabalhamos com todos os tipos de baterias automotivas, entregamos no local e com os melhores pre\u00e7os !<\/p>\n\n\n\n<p>Com equipe altamente especializada e eficaz atendemos a todos os tipos de pane el\u00e9tricas e mec\u00e2nicas, desde uma simples troca de bateria a problemas mais complexos.<\/p>\n\n\n\n<p>Atendemos em toda grande S\u00e3o Paulo no local e 24 horas<\/p>\n\n\n\n<p>Entre em contato agora mesmo !<\/p>\n\n\n\n<h2 class=\"wp-block-heading\">Ligue ou Whats App (11) 95000-1273<\/h2>\n\t\t\t\t\t\t\t\t<\/div>\n\t\t\t\t<\/div>\n\t\t\t\t\t<\/div>\n\t\t\t\t<\/div>\n\t\t<div class=\"elementor-element elementor-element-77a26de e-flex e-con-boxed e-con e-parent\" data-id=\"77a26de\" data-element_type=\"container\" data-e-type=\"container\">\n\t\t\t\t\t<div class=\"e-con-inner\">\n\t\t\t\t\t<\/div>\n\t\t\t\t<\/div>\n\t\t\t\t<\/div>\n\t\t","protected":false},"excerpt":{"rendered":"<p class=\"qua-blog-post-description\">A MM Romeiro presta socorro e servi\u00e7os mec\u00e2nicos e auto el\u00e9tricos 24 horas no local ! Trabalhamos com todos os tipos de baterias automotivas, entregamos no local e com os melhores pre\u00e7os ! Com equipe altamente especializada e eficaz atendemos a todos os tipos de pane el\u00e9tricas e mec\u00e2nicas, desde uma simples troca de bateria [&hellip;]<\/p>\n","protected":false},"author":1,"featured_media":0,"parent":0,"menu_order":4,"comment_status":"closed","ping_status":"closed","template":"full-width.php","meta":{"footnotes":""},"class_list":["post-279","page","type-page","status-publish","hentry"],"yoast_head":"<!-- This site is optimized with the Yoast SEO plugin v23.9 - https:\/\/yoast.com\/wordpress\/plugins\/seo\/ -->\n<title>BATERIA AUTOMOTIVA - MM ROMEIRO CAR<\/title>\n<meta name=\"robots\" content=\"index, follow, max-snippet:-1, max-image-preview:large, max-video-preview:-1\" \/>\n<link rel=\"canonical\" href=\"https:\/\/mmromeirocar.com.br\/index.php\/bateria-automotiva\/\" \/>\n<meta property=\"og:locale\" content=\"en_US\" \/>\n<meta property=\"og:type\" content=\"article\" \/>\n<meta property=\"og:title\" content=\"BATERIA AUTOMOTIVA - MM ROMEIRO CAR\" \/>\n<meta property=\"og:description\" content=\"A MM Romeiro presta socorro e servi\u00e7os mec\u00e2nicos e auto el\u00e9tricos 24 horas no local ! Trabalhamos com todos os tipos de baterias automotivas, entregamos no local e com os melhores pre\u00e7os ! Com equipe altamente especializada e eficaz atendemos a todos os tipos de pane el\u00e9tricas e mec\u00e2nicas, desde uma simples troca de bateria [&hellip;]\" \/>\n<meta property=\"og:url\" content=\"https:\/\/mmromeirocar.com.br\/index.php\/bateria-automotiva\/\" \/>\n<meta property=\"og:site_name\" content=\"MM ROMEIRO CAR\" \/>\n<meta property=\"article:modified_time\" content=\"2024-09-27T16:17:29+00:00\" \/>\n<meta property=\"og:image\" content=\"https:\/\/mmromeirocar.com.br\/wp-content\/uploads\/2024\/09\/WhatsApp-Image-2024-09-24-at-09.53.16-2.jpeg\" \/>\n<meta name=\"twitter:card\" content=\"summary_large_image\" \/>\n<meta name=\"twitter:label1\" content=\"Est. reading time\" \/>\n\t<meta name=\"twitter:data1\" content=\"1 minute\" \/>\n<script type=\"application\/ld+json\" class=\"yoast-schema-graph\">{\"@context\":\"https:\/\/schema.org\",\"@graph\":[{\"@type\":\"WebPage\",\"@id\":\"https:\/\/mmromeirocar.com.br\/index.php\/bateria-automotiva\/\",\"url\":\"https:\/\/mmromeirocar.com.br\/index.php\/bateria-automotiva\/\",\"name\":\"BATERIA AUTOMOTIVA - MM ROMEIRO CAR\",\"isPartOf\":{\"@id\":\"https:\/\/mmromeirocar.com.br\/#website\"},\"primaryImageOfPage\":{\"@id\":\"https:\/\/mmromeirocar.com.br\/index.php\/bateria-automotiva\/#primaryimage\"},\"image\":{\"@id\":\"https:\/\/mmromeirocar.com.br\/index.php\/bateria-automotiva\/#primaryimage\"},\"thumbnailUrl\":\"https:\/\/mmromeirocar.com.br\/wp-content\/uploads\/2024\/09\/WhatsApp-Image-2024-09-24-at-09.53.16-2.jpeg\",\"datePublished\":\"2019-04-17T20:19:33+00:00\",\"dateModified\":\"2024-09-27T16:17:29+00:00\",\"breadcrumb\":{\"@id\":\"https:\/\/mmromeirocar.com.br\/index.php\/bateria-automotiva\/#breadcrumb\"},\"inLanguage\":\"en-US\",\"potentialAction\":[{\"@type\":\"ReadAction\",\"target\":[\"https:\/\/mmromeirocar.com.br\/index.php\/bateria-automotiva\/\"]}]},{\"@type\":\"ImageObject\",\"inLanguage\":\"en-US\",\"@id\":\"https:\/\/mmromeirocar.com.br\/index.php\/bateria-automotiva\/#primaryimage\",\"url\":\"https:\/\/mmromeirocar.com.br\/wp-content\/uploads\/2024\/09\/WhatsApp-Image-2024-09-24-at-09.53.16-2.jpeg\",\"contentUrl\":\"https:\/\/mmromeirocar.com.br\/wp-content\/uploads\/2024\/09\/WhatsApp-Image-2024-09-24-at-09.53.16-2.jpeg\",\"width\":554,\"height\":414},{\"@type\":\"BreadcrumbList\",\"@id\":\"https:\/\/mmromeirocar.com.br\/index.php\/bateria-automotiva\/#breadcrumb\",\"itemListElement\":[{\"@type\":\"ListItem\",\"position\":1,\"name\":\"In\u00edcio\",\"item\":\"https:\/\/mmromeirocar.com.br\/\"},{\"@type\":\"ListItem\",\"position\":2,\"name\":\"BATERIA AUTOMOTIVA\"}]},{\"@type\":\"WebSite\",\"@id\":\"https:\/\/mmromeirocar.com.br\/#website\",\"url\":\"https:\/\/mmromeirocar.com.br\/\",\"name\":\"MM ROMEIRO CAR\",\"description\":\"Socorro 24 horas\",\"potentialAction\":[{\"@type\":\"SearchAction\",\"target\":{\"@type\":\"EntryPoint\",\"urlTemplate\":\"https:\/\/mmromeirocar.com.br\/?s={search_term_string}\"},\"query-input\":{\"@type\":\"PropertyValueSpecification\",\"valueRequired\":true,\"valueName\":\"search_term_string\"}}],\"inLanguage\":\"en-US\"}]}<\/script>\n<!-- \/ Yoast SEO plugin. -->","yoast_head_json":{"title":"BATERIA AUTOMOTIVA - MM ROMEIRO CAR","robots":{"index":"index","follow":"follow","max-snippet":"max-snippet:-1","max-image-preview":"max-image-preview:large","max-video-preview":"max-video-preview:-1"},"canonical":"https:\/\/mmromeirocar.com.br\/index.php\/bateria-automotiva\/","og_locale":"en_US","og_type":"article","og_title":"BATERIA AUTOMOTIVA - MM ROMEIRO CAR","og_description":"A MM Romeiro presta socorro e servi\u00e7os mec\u00e2nicos e auto el\u00e9tricos 24 horas no local ! Trabalhamos com todos os tipos de baterias automotivas, entregamos no local e com os melhores pre\u00e7os ! Com equipe altamente especializada e eficaz atendemos a todos os tipos de pane el\u00e9tricas e mec\u00e2nicas, desde uma simples troca de bateria [&hellip;]","og_url":"https:\/\/mmromeirocar.com.br\/index.php\/bateria-automotiva\/","og_site_name":"MM ROMEIRO CAR","article_modified_time":"2024-09-27T16:17:29+00:00","og_image":[{"url":"https:\/\/mmromeirocar.com.br\/wp-content\/uploads\/2024\/09\/WhatsApp-Image-2024-09-24-at-09.53.16-2.jpeg"}],"twitter_card":"summary_large_image","twitter_misc":{"Est. reading time":"1 minute"},"schema":{"@context":"https:\/\/schema.org","@graph":[{"@type":"WebPage","@id":"https:\/\/mmromeirocar.com.br\/index.php\/bateria-automotiva\/","url":"https:\/\/mmromeirocar.com.br\/index.php\/bateria-automotiva\/","name":"BATERIA AUTOMOTIVA - MM ROMEIRO CAR","isPartOf":{"@id":"https:\/\/mmromeirocar.com.br\/#website"},"primaryImageOfPage":{"@id":"https:\/\/mmromeirocar.com.br\/index.php\/bateria-automotiva\/#primaryimage"},"image":{"@id":"https:\/\/mmromeirocar.com.br\/index.php\/bateria-automotiva\/#primaryimage"},"thumbnailUrl":"https:\/\/mmromeirocar.com.br\/wp-content\/uploads\/2024\/09\/WhatsApp-Image-2024-09-24-at-09.53.16-2.jpeg","datePublished":"2019-04-17T20:19:33+00:00","dateModified":"2024-09-27T16:17:29+00:00","breadcrumb":{"@id":"https:\/\/mmromeirocar.com.br\/index.php\/bateria-automotiva\/#breadcrumb"},"inLanguage":"en-US","potentialAction":[{"@type":"ReadAction","target":["https:\/\/mmromeirocar.com.br\/index.php\/bateria-automotiva\/"]}]},{"@type":"ImageObject","inLanguage":"en-US","@id":"https:\/\/mmromeirocar.com.br\/index.php\/bateria-automotiva\/#primaryimage","url":"https:\/\/mmromeirocar.com.br\/wp-content\/uploads\/2024\/09\/WhatsApp-Image-2024-09-24-at-09.53.16-2.jpeg","contentUrl":"https:\/\/mmromeirocar.com.br\/wp-content\/uploads\/2024\/09\/WhatsApp-Image-2024-09-24-at-09.53.16-2.jpeg","width":554,"height":414},{"@type":"BreadcrumbList","@id":"https:\/\/mmromeirocar.com.br\/index.php\/bateria-automotiva\/#breadcrumb","itemListElement":[{"@type":"ListItem","position":1,"name":"In\u00edcio","item":"https:\/\/mmromeirocar.com.br\/"},{"@type":"ListItem","position":2,"name":"BATERIA AUTOMOTIVA"}]},{"@type":"WebSite","@id":"https:\/\/mmromeirocar.com.br\/#website","url":"https:\/\/mmromeirocar.com.br\/","name":"MM ROMEIRO CAR","description":"Socorro 24 horas","potentialAction":[{"@type":"SearchAction","target":{"@type":"EntryPoint","urlTemplate":"https:\/\/mmromeirocar.com.br\/?s={search_term_string}"},"query-input":{"@type":"PropertyValueSpecification","valueRequired":true,"valueName":"search_term_string"}}],"inLanguage":"en-US"}]}},"_links":{"self":[{"href":"https:\/\/mmromeirocar.com.br\/index.php\/wp-json\/wp\/v2\/pages\/279","targetHints":{"allow":["GET"]}}],"collection":[{"href":"https:\/\/mmromeirocar.com.br\/index.php\/wp-json\/wp\/v2\/pages"}],"about":[{"href":"https:\/\/mmromeirocar.com.br\/index.php\/wp-json\/wp\/v2\/types\/page"}],"author":[{"embeddable":true,"href":"https:\/\/mmromeirocar.com.br\/index.php\/wp-json\/wp\/v2\/users\/1"}],"replies":[{"embeddable":true,"href":"https:\/\/mmromeirocar.com.br\/index.php\/wp-json\/wp\/v2\/comments?post=279"}],"version-history":[{"count":5,"href":"https:\/\/mmromeirocar.com.br\/index.php\/wp-json\/wp\/v2\/pages\/279\/revisions"}],"predecessor-version":[{"id":7037,"href":"https:\/\/mmromeirocar.com.br\/index.php\/wp-json\/wp\/v2\/pages\/279\/revisions\/7037"}],"wp:attachment":[{"href":"https:\/\/mmromeirocar.com.br\/index.php\/wp-json\/wp\/v2\/media?parent=279"}],"curies":[{"name":"wp","href":"https:\/\/api.w.org\/{rel}","templated":true}]}}