{"id":176,"date":"2019-04-17T16:23:40","date_gmt":"2019-04-17T19:23:40","guid":{"rendered":"http:\/\/mmromeirocar.com.br\/?page_id=176"},"modified":"2024-09-20T18:18:01","modified_gmt":"2024-09-20T21:18:01","slug":"auto-eletrico-na-mooca","status":"publish","type":"page","link":"https:\/\/mmromeirocar.com.br\/index.php\/eletrica\/auto-eletrico-na-mooca\/","title":{"rendered":"Auto El\u00e9trico na M\u00f3oca"},"content":{"rendered":"\n<figure class=\"wp-block-image size-large\"><img fetchpriority=\"high\" decoding=\"async\" width=\"1024\" height=\"492\" src=\"https:\/\/mmromeirocar.com.br\/wp-content\/uploads\/2024\/09\/Frame-21-1-4-1024x492.png\" alt=\"\" class=\"wp-image-6970\" srcset=\"https:\/\/mmromeirocar.com.br\/wp-content\/uploads\/2024\/09\/Frame-21-1-4-1024x492.png 1024w, https:\/\/mmromeirocar.com.br\/wp-content\/uploads\/2024\/09\/Frame-21-1-4-300x144.png 300w, https:\/\/mmromeirocar.com.br\/wp-content\/uploads\/2024\/09\/Frame-21-1-4-768x369.png 768w, https:\/\/mmromeirocar.com.br\/wp-content\/uploads\/2024\/09\/Frame-21-1-4-1536x738.png 1536w, https:\/\/mmromeirocar.com.br\/wp-content\/uploads\/2024\/09\/Frame-21-1-4-2048x984.png 2048w\" sizes=\"(max-width: 1024px) 100vw, 1024px\" \/><\/figure>\n\n\n\n<p><\/p>\n\n\n\n<p>A MM Romeiro presta socorro e servi\u00e7os mec\u00e2nicos e auto el\u00e9tricos 24 horas no local !<\/p>\n\n\n\n<p>Com equipe altamente especializada e eficaz atendemos a todos os tipos de pane el\u00e9tricas e mec\u00e2nicas, desde uma simples troca de bateria a problemas mais complexos.<\/p>\n\n\n\n<p>Atendemos em toda grande S\u00e3o Paulo no local e 24 horas<\/p>\n\n\n\n<p>Auto El\u00e9trico na M\u00f3oca 24 Horas<\/p>\n\n\n\n<p>Entre em contato agora mesmo !<\/p>\n\n\n\n<h2 class=\"wp-block-heading\">Ligue ou Whats App (11) 95000-1273<\/h2>\n","protected":false},"excerpt":{"rendered":"<p class=\"qua-blog-post-description\">A MM Romeiro presta socorro e servi\u00e7os mec\u00e2nicos e auto el\u00e9tricos 24 horas no local ! Com equipe altamente especializada e eficaz atendemos a todos os tipos de pane el\u00e9tricas e mec\u00e2nicas, desde uma simples troca de bateria a problemas mais complexos. Atendemos em toda grande S\u00e3o Paulo no local e 24 horas Auto El\u00e9trico [&hellip;]<\/p>\n","protected":false},"author":1,"featured_media":0,"parent":89,"menu_order":0,"comment_status":"closed","ping_status":"closed","template":"","meta":{"footnotes":""},"class_list":["post-176","page","type-page","status-publish","hentry"],"yoast_head":"<!-- This site is optimized with the Yoast SEO plugin v23.9 - https:\/\/yoast.com\/wordpress\/plugins\/seo\/ -->\n<title>Auto El\u00e9trico na M\u00f3oca - MM ROMEIRO CAR<\/title>\n<meta name=\"robots\" content=\"index, follow, max-snippet:-1, max-image-preview:large, max-video-preview:-1\" \/>\n<link rel=\"canonical\" href=\"https:\/\/mmromeirocar.com.br\/index.php\/eletrica\/auto-eletrico-na-mooca\/\" \/>\n<meta property=\"og:locale\" content=\"en_US\" \/>\n<meta property=\"og:type\" content=\"article\" \/>\n<meta property=\"og:title\" content=\"Auto El\u00e9trico na M\u00f3oca - MM ROMEIRO CAR\" \/>\n<meta property=\"og:description\" content=\"A MM Romeiro presta socorro e servi\u00e7os mec\u00e2nicos e auto el\u00e9tricos 24 horas no local ! Com equipe altamente especializada e eficaz atendemos a todos os tipos de pane el\u00e9tricas e mec\u00e2nicas, desde uma simples troca de bateria a problemas mais complexos. Atendemos em toda grande S\u00e3o Paulo no local e 24 horas Auto El\u00e9trico [&hellip;]\" \/>\n<meta property=\"og:url\" content=\"https:\/\/mmromeirocar.com.br\/index.php\/eletrica\/auto-eletrico-na-mooca\/\" \/>\n<meta property=\"og:site_name\" content=\"MM ROMEIRO CAR\" \/>\n<meta property=\"article:modified_time\" content=\"2024-09-20T21:18:01+00:00\" \/>\n<meta property=\"og:image\" content=\"https:\/\/mmromeirocar.com.br\/wp-content\/uploads\/2024\/09\/Frame-21-1-4-1024x492.png\" \/>\n<meta name=\"twitter:card\" content=\"summary_large_image\" \/>\n<meta name=\"twitter:label1\" content=\"Est. reading time\" \/>\n\t<meta name=\"twitter:data1\" content=\"1 minute\" \/>\n<script type=\"application\/ld+json\" class=\"yoast-schema-graph\">{\"@context\":\"https:\/\/schema.org\",\"@graph\":[{\"@type\":\"WebPage\",\"@id\":\"https:\/\/mmromeirocar.com.br\/index.php\/eletrica\/auto-eletrico-na-mooca\/\",\"url\":\"https:\/\/mmromeirocar.com.br\/index.php\/eletrica\/auto-eletrico-na-mooca\/\",\"name\":\"Auto El\u00e9trico na M\u00f3oca - MM ROMEIRO CAR\",\"isPartOf\":{\"@id\":\"https:\/\/mmromeirocar.com.br\/#website\"},\"primaryImageOfPage\":{\"@id\":\"https:\/\/mmromeirocar.com.br\/index.php\/eletrica\/auto-eletrico-na-mooca\/#primaryimage\"},\"image\":{\"@id\":\"https:\/\/mmromeirocar.com.br\/index.php\/eletrica\/auto-eletrico-na-mooca\/#primaryimage\"},\"thumbnailUrl\":\"https:\/\/mmromeirocar.com.br\/wp-content\/uploads\/2024\/09\/Frame-21-1-4-1024x492.png\",\"datePublished\":\"2019-04-17T19:23:40+00:00\",\"dateModified\":\"2024-09-20T21:18:01+00:00\",\"breadcrumb\":{\"@id\":\"https:\/\/mmromeirocar.com.br\/index.php\/eletrica\/auto-eletrico-na-mooca\/#breadcrumb\"},\"inLanguage\":\"en-US\",\"potentialAction\":[{\"@type\":\"ReadAction\",\"target\":[\"https:\/\/mmromeirocar.com.br\/index.php\/eletrica\/auto-eletrico-na-mooca\/\"]}]},{\"@type\":\"ImageObject\",\"inLanguage\":\"en-US\",\"@id\":\"https:\/\/mmromeirocar.com.br\/index.php\/eletrica\/auto-eletrico-na-mooca\/#primaryimage\",\"url\":\"https:\/\/mmromeirocar.com.br\/wp-content\/uploads\/2024\/09\/Frame-21-1-4.png\",\"contentUrl\":\"https:\/\/mmromeirocar.com.br\/wp-content\/uploads\/2024\/09\/Frame-21-1-4.png\",\"width\":2082,\"height\":1000},{\"@type\":\"BreadcrumbList\",\"@id\":\"https:\/\/mmromeirocar.com.br\/index.php\/eletrica\/auto-eletrico-na-mooca\/#breadcrumb\",\"itemListElement\":[{\"@type\":\"ListItem\",\"position\":1,\"name\":\"In\u00edcio\",\"item\":\"https:\/\/mmromeirocar.com.br\/\"},{\"@type\":\"ListItem\",\"position\":2,\"name\":\"AUTO EL\u00c9TRICA 24 HORAS\",\"item\":\"https:\/\/mmromeirocar.com.br\/index.php\/eletrica\/\"},{\"@type\":\"ListItem\",\"position\":3,\"name\":\"Auto El\u00e9trico na M\u00f3oca\"}]},{\"@type\":\"WebSite\",\"@id\":\"https:\/\/mmromeirocar.com.br\/#website\",\"url\":\"https:\/\/mmromeirocar.com.br\/\",\"name\":\"MM ROMEIRO CAR\",\"description\":\"Socorro 24 horas\",\"potentialAction\":[{\"@type\":\"SearchAction\",\"target\":{\"@type\":\"EntryPoint\",\"urlTemplate\":\"https:\/\/mmromeirocar.com.br\/?s={search_term_string}\"},\"query-input\":{\"@type\":\"PropertyValueSpecification\",\"valueRequired\":true,\"valueName\":\"search_term_string\"}}],\"inLanguage\":\"en-US\"}]}<\/script>\n<!-- \/ Yoast SEO plugin. -->","yoast_head_json":{"title":"Auto El\u00e9trico na M\u00f3oca - MM ROMEIRO CAR","robots":{"index":"index","follow":"follow","max-snippet":"max-snippet:-1","max-image-preview":"max-image-preview:large","max-video-preview":"max-video-preview:-1"},"canonical":"https:\/\/mmromeirocar.com.br\/index.php\/eletrica\/auto-eletrico-na-mooca\/","og_locale":"en_US","og_type":"article","og_title":"Auto El\u00e9trico na M\u00f3oca - MM ROMEIRO CAR","og_description":"A MM Romeiro presta socorro e servi\u00e7os mec\u00e2nicos e auto el\u00e9tricos 24 horas no local ! Com equipe altamente especializada e eficaz atendemos a todos os tipos de pane el\u00e9tricas e mec\u00e2nicas, desde uma simples troca de bateria a problemas mais complexos. Atendemos em toda grande S\u00e3o Paulo no local e 24 horas Auto El\u00e9trico [&hellip;]","og_url":"https:\/\/mmromeirocar.com.br\/index.php\/eletrica\/auto-eletrico-na-mooca\/","og_site_name":"MM ROMEIRO CAR","article_modified_time":"2024-09-20T21:18:01+00:00","og_image":[{"url":"https:\/\/mmromeirocar.com.br\/wp-content\/uploads\/2024\/09\/Frame-21-1-4-1024x492.png"}],"twitter_card":"summary_large_image","twitter_misc":{"Est. reading time":"1 minute"},"schema":{"@context":"https:\/\/schema.org","@graph":[{"@type":"WebPage","@id":"https:\/\/mmromeirocar.com.br\/index.php\/eletrica\/auto-eletrico-na-mooca\/","url":"https:\/\/mmromeirocar.com.br\/index.php\/eletrica\/auto-eletrico-na-mooca\/","name":"Auto El\u00e9trico na M\u00f3oca - MM ROMEIRO CAR","isPartOf":{"@id":"https:\/\/mmromeirocar.com.br\/#website"},"primaryImageOfPage":{"@id":"https:\/\/mmromeirocar.com.br\/index.php\/eletrica\/auto-eletrico-na-mooca\/#primaryimage"},"image":{"@id":"https:\/\/mmromeirocar.com.br\/index.php\/eletrica\/auto-eletrico-na-mooca\/#primaryimage"},"thumbnailUrl":"https:\/\/mmromeirocar.com.br\/wp-content\/uploads\/2024\/09\/Frame-21-1-4-1024x492.png","datePublished":"2019-04-17T19:23:40+00:00","dateModified":"2024-09-20T21:18:01+00:00","breadcrumb":{"@id":"https:\/\/mmromeirocar.com.br\/index.php\/eletrica\/auto-eletrico-na-mooca\/#breadcrumb"},"inLanguage":"en-US","potentialAction":[{"@type":"ReadAction","target":["https:\/\/mmromeirocar.com.br\/index.php\/eletrica\/auto-eletrico-na-mooca\/"]}]},{"@type":"ImageObject","inLanguage":"en-US","@id":"https:\/\/mmromeirocar.com.br\/index.php\/eletrica\/auto-eletrico-na-mooca\/#primaryimage","url":"https:\/\/mmromeirocar.com.br\/wp-content\/uploads\/2024\/09\/Frame-21-1-4.png","contentUrl":"https:\/\/mmromeirocar.com.br\/wp-content\/uploads\/2024\/09\/Frame-21-1-4.png","width":2082,"height":1000},{"@type":"BreadcrumbList","@id":"https:\/\/mmromeirocar.com.br\/index.php\/eletrica\/auto-eletrico-na-mooca\/#breadcrumb","itemListElement":[{"@type":"ListItem","position":1,"name":"In\u00edcio","item":"https:\/\/mmromeirocar.com.br\/"},{"@type":"ListItem","position":2,"name":"AUTO EL\u00c9TRICA 24 HORAS","item":"https:\/\/mmromeirocar.com.br\/index.php\/eletrica\/"},{"@type":"ListItem","position":3,"name":"Auto El\u00e9trico na M\u00f3oca"}]},{"@type":"WebSite","@id":"https:\/\/mmromeirocar.com.br\/#website","url":"https:\/\/mmromeirocar.com.br\/","name":"MM ROMEIRO CAR","description":"Socorro 24 horas","potentialAction":[{"@type":"SearchAction","target":{"@type":"EntryPoint","urlTemplate":"https:\/\/mmromeirocar.com.br\/?s={search_term_string}"},"query-input":{"@type":"PropertyValueSpecification","valueRequired":true,"valueName":"search_term_string"}}],"inLanguage":"en-US"}]}},"_links":{"self":[{"href":"https:\/\/mmromeirocar.com.br\/index.php\/wp-json\/wp\/v2\/pages\/176","targetHints":{"allow":["GET"]}}],"collection":[{"href":"https:\/\/mmromeirocar.com.br\/index.php\/wp-json\/wp\/v2\/pages"}],"about":[{"href":"https:\/\/mmromeirocar.com.br\/index.php\/wp-json\/wp\/v2\/types\/page"}],"author":[{"embeddable":true,"href":"https:\/\/mmromeirocar.com.br\/index.php\/wp-json\/wp\/v2\/users\/1"}],"replies":[{"embeddable":true,"href":"https:\/\/mmromeirocar.com.br\/index.php\/wp-json\/wp\/v2\/comments?post=176"}],"version-history":[{"count":2,"href":"https:\/\/mmromeirocar.com.br\/index.php\/wp-json\/wp\/v2\/pages\/176\/revisions"}],"predecessor-version":[{"id":6980,"href":"https:\/\/mmromeirocar.com.br\/index.php\/wp-json\/wp\/v2\/pages\/176\/revisions\/6980"}],"up":[{"embeddable":true,"href":"https:\/\/mmromeirocar.com.br\/index.php\/wp-json\/wp\/v2\/pages\/89"}],"wp:attachment":[{"href":"https:\/\/mmromeirocar.com.br\/index.php\/wp-json\/wp\/v2\/media?parent=176"}],"curies":[{"name":"wp","href":"https:\/\/api.w.org\/{rel}","templated":true}]}}