{"id":142,"date":"2019-04-17T16:09:57","date_gmt":"2019-04-17T19:09:57","guid":{"rendered":"http:\/\/mmromeirocar.com.br\/?page_id=142"},"modified":"2019-04-17T16:09:58","modified_gmt":"2019-04-17T19:09:58","slug":"auto-eletrica-ferraz-de-vasconcelos","status":"publish","type":"page","link":"https:\/\/mmromeirocar.com.br\/index.php\/eletrica\/auto-eletrica-ferraz-de-vasconcelos\/","title":{"rendered":"Auto El\u00e9trica Ferraz de Vasconcelos"},"content":{"rendered":"\n<p>A MM Romeiro presta socorro e servi\u00e7os mec\u00e2nicos e auto el\u00e9tricos 24 horas no local !<\/p>\n\n\n\n<p>Com equipe altamente especializada e eficaz atendemos a todos os tipos de pane el\u00e9tricas e mec\u00e2nicas, desde uma simples troca de bateria a problemas mais complexos.<\/p>\n\n\n\n<p>Atendemos em toda grande S\u00e3o Paulo no local e 24 horas<\/p>\n\n\n\n<p>Auto El\u00e9trica Ferraz de Vasconcelos 24 Horas<\/p>\n\n\n\n<p>Entre em contato agora mesmo !<\/p>\n\n\n\n<h2 class=\"wp-block-heading\">Ligue ou Whats App (11) 95000-1273<\/h2>\n","protected":false},"excerpt":{"rendered":"<p class=\"qua-blog-post-description\">A MM Romeiro presta socorro e servi\u00e7os mec\u00e2nicos e auto el\u00e9tricos 24 horas no local ! Com equipe altamente especializada e eficaz atendemos a todos os tipos de pane el\u00e9tricas e mec\u00e2nicas, desde uma simples troca de bateria a problemas mais complexos. Atendemos em toda grande S\u00e3o Paulo no local e 24 horas Auto El\u00e9trica [&hellip;]<\/p>\n","protected":false},"author":1,"featured_media":0,"parent":89,"menu_order":0,"comment_status":"closed","ping_status":"closed","template":"","meta":{"footnotes":""},"class_list":["post-142","page","type-page","status-publish","hentry"],"yoast_head":"<!-- This site is optimized with the Yoast SEO plugin v23.9 - https:\/\/yoast.com\/wordpress\/plugins\/seo\/ -->\n<title>Auto El\u00e9trica Ferraz de Vasconcelos - MM ROMEIRO CAR<\/title>\n<meta name=\"robots\" content=\"index, follow, max-snippet:-1, max-image-preview:large, max-video-preview:-1\" \/>\n<link rel=\"canonical\" href=\"https:\/\/mmromeirocar.com.br\/index.php\/eletrica\/auto-eletrica-ferraz-de-vasconcelos\/\" \/>\n<meta property=\"og:locale\" content=\"en_US\" \/>\n<meta property=\"og:type\" content=\"article\" \/>\n<meta property=\"og:title\" content=\"Auto El\u00e9trica Ferraz de Vasconcelos - MM ROMEIRO CAR\" \/>\n<meta property=\"og:description\" content=\"A MM Romeiro presta socorro e servi\u00e7os mec\u00e2nicos e auto el\u00e9tricos 24 horas no local ! Com equipe altamente especializada e eficaz atendemos a todos os tipos de pane el\u00e9tricas e mec\u00e2nicas, desde uma simples troca de bateria a problemas mais complexos. Atendemos em toda grande S\u00e3o Paulo no local e 24 horas Auto El\u00e9trica [&hellip;]\" \/>\n<meta property=\"og:url\" content=\"https:\/\/mmromeirocar.com.br\/index.php\/eletrica\/auto-eletrica-ferraz-de-vasconcelos\/\" \/>\n<meta property=\"og:site_name\" content=\"MM ROMEIRO CAR\" \/>\n<meta property=\"article:modified_time\" content=\"2019-04-17T19:09:58+00:00\" \/>\n<meta name=\"twitter:card\" content=\"summary_large_image\" \/>\n<script type=\"application\/ld+json\" class=\"yoast-schema-graph\">{\"@context\":\"https:\/\/schema.org\",\"@graph\":[{\"@type\":\"WebPage\",\"@id\":\"https:\/\/mmromeirocar.com.br\/index.php\/eletrica\/auto-eletrica-ferraz-de-vasconcelos\/\",\"url\":\"https:\/\/mmromeirocar.com.br\/index.php\/eletrica\/auto-eletrica-ferraz-de-vasconcelos\/\",\"name\":\"Auto El\u00e9trica Ferraz de Vasconcelos - MM ROMEIRO CAR\",\"isPartOf\":{\"@id\":\"https:\/\/mmromeirocar.com.br\/#website\"},\"datePublished\":\"2019-04-17T19:09:57+00:00\",\"dateModified\":\"2019-04-17T19:09:58+00:00\",\"breadcrumb\":{\"@id\":\"https:\/\/mmromeirocar.com.br\/index.php\/eletrica\/auto-eletrica-ferraz-de-vasconcelos\/#breadcrumb\"},\"inLanguage\":\"en-US\",\"potentialAction\":[{\"@type\":\"ReadAction\",\"target\":[\"https:\/\/mmromeirocar.com.br\/index.php\/eletrica\/auto-eletrica-ferraz-de-vasconcelos\/\"]}]},{\"@type\":\"BreadcrumbList\",\"@id\":\"https:\/\/mmromeirocar.com.br\/index.php\/eletrica\/auto-eletrica-ferraz-de-vasconcelos\/#breadcrumb\",\"itemListElement\":[{\"@type\":\"ListItem\",\"position\":1,\"name\":\"In\u00edcio\",\"item\":\"https:\/\/mmromeirocar.com.br\/\"},{\"@type\":\"ListItem\",\"position\":2,\"name\":\"AUTO EL\u00c9TRICA 24 HORAS\",\"item\":\"https:\/\/mmromeirocar.com.br\/index.php\/eletrica\/\"},{\"@type\":\"ListItem\",\"position\":3,\"name\":\"Auto El\u00e9trica Ferraz de Vasconcelos\"}]},{\"@type\":\"WebSite\",\"@id\":\"https:\/\/mmromeirocar.com.br\/#website\",\"url\":\"https:\/\/mmromeirocar.com.br\/\",\"name\":\"MM ROMEIRO CAR\",\"description\":\"Socorro 24 horas\",\"potentialAction\":[{\"@type\":\"SearchAction\",\"target\":{\"@type\":\"EntryPoint\",\"urlTemplate\":\"https:\/\/mmromeirocar.com.br\/?s={search_term_string}\"},\"query-input\":{\"@type\":\"PropertyValueSpecification\",\"valueRequired\":true,\"valueName\":\"search_term_string\"}}],\"inLanguage\":\"en-US\"}]}<\/script>\n<!-- \/ Yoast SEO plugin. -->","yoast_head_json":{"title":"Auto El\u00e9trica Ferraz de Vasconcelos - MM ROMEIRO CAR","robots":{"index":"index","follow":"follow","max-snippet":"max-snippet:-1","max-image-preview":"max-image-preview:large","max-video-preview":"max-video-preview:-1"},"canonical":"https:\/\/mmromeirocar.com.br\/index.php\/eletrica\/auto-eletrica-ferraz-de-vasconcelos\/","og_locale":"en_US","og_type":"article","og_title":"Auto El\u00e9trica Ferraz de Vasconcelos - MM ROMEIRO CAR","og_description":"A MM Romeiro presta socorro e servi\u00e7os mec\u00e2nicos e auto el\u00e9tricos 24 horas no local ! Com equipe altamente especializada e eficaz atendemos a todos os tipos de pane el\u00e9tricas e mec\u00e2nicas, desde uma simples troca de bateria a problemas mais complexos. Atendemos em toda grande S\u00e3o Paulo no local e 24 horas Auto El\u00e9trica [&hellip;]","og_url":"https:\/\/mmromeirocar.com.br\/index.php\/eletrica\/auto-eletrica-ferraz-de-vasconcelos\/","og_site_name":"MM ROMEIRO CAR","article_modified_time":"2019-04-17T19:09:58+00:00","twitter_card":"summary_large_image","schema":{"@context":"https:\/\/schema.org","@graph":[{"@type":"WebPage","@id":"https:\/\/mmromeirocar.com.br\/index.php\/eletrica\/auto-eletrica-ferraz-de-vasconcelos\/","url":"https:\/\/mmromeirocar.com.br\/index.php\/eletrica\/auto-eletrica-ferraz-de-vasconcelos\/","name":"Auto El\u00e9trica Ferraz de Vasconcelos - MM ROMEIRO CAR","isPartOf":{"@id":"https:\/\/mmromeirocar.com.br\/#website"},"datePublished":"2019-04-17T19:09:57+00:00","dateModified":"2019-04-17T19:09:58+00:00","breadcrumb":{"@id":"https:\/\/mmromeirocar.com.br\/index.php\/eletrica\/auto-eletrica-ferraz-de-vasconcelos\/#breadcrumb"},"inLanguage":"en-US","potentialAction":[{"@type":"ReadAction","target":["https:\/\/mmromeirocar.com.br\/index.php\/eletrica\/auto-eletrica-ferraz-de-vasconcelos\/"]}]},{"@type":"BreadcrumbList","@id":"https:\/\/mmromeirocar.com.br\/index.php\/eletrica\/auto-eletrica-ferraz-de-vasconcelos\/#breadcrumb","itemListElement":[{"@type":"ListItem","position":1,"name":"In\u00edcio","item":"https:\/\/mmromeirocar.com.br\/"},{"@type":"ListItem","position":2,"name":"AUTO EL\u00c9TRICA 24 HORAS","item":"https:\/\/mmromeirocar.com.br\/index.php\/eletrica\/"},{"@type":"ListItem","position":3,"name":"Auto El\u00e9trica Ferraz de Vasconcelos"}]},{"@type":"WebSite","@id":"https:\/\/mmromeirocar.com.br\/#website","url":"https:\/\/mmromeirocar.com.br\/","name":"MM ROMEIRO CAR","description":"Socorro 24 horas","potentialAction":[{"@type":"SearchAction","target":{"@type":"EntryPoint","urlTemplate":"https:\/\/mmromeirocar.com.br\/?s={search_term_string}"},"query-input":{"@type":"PropertyValueSpecification","valueRequired":true,"valueName":"search_term_string"}}],"inLanguage":"en-US"}]}},"_links":{"self":[{"href":"https:\/\/mmromeirocar.com.br\/index.php\/wp-json\/wp\/v2\/pages\/142","targetHints":{"allow":["GET"]}}],"collection":[{"href":"https:\/\/mmromeirocar.com.br\/index.php\/wp-json\/wp\/v2\/pages"}],"about":[{"href":"https:\/\/mmromeirocar.com.br\/index.php\/wp-json\/wp\/v2\/types\/page"}],"author":[{"embeddable":true,"href":"https:\/\/mmromeirocar.com.br\/index.php\/wp-json\/wp\/v2\/users\/1"}],"replies":[{"embeddable":true,"href":"https:\/\/mmromeirocar.com.br\/index.php\/wp-json\/wp\/v2\/comments?post=142"}],"version-history":[{"count":2,"href":"https:\/\/mmromeirocar.com.br\/index.php\/wp-json\/wp\/v2\/pages\/142\/revisions"}],"predecessor-version":[{"id":7019,"href":"https:\/\/mmromeirocar.com.br\/index.php\/wp-json\/wp\/v2\/pages\/142\/revisions\/7019"}],"up":[{"embeddable":true,"href":"https:\/\/mmromeirocar.com.br\/index.php\/wp-json\/wp\/v2\/pages\/89"}],"wp:attachment":[{"href":"https:\/\/mmromeirocar.com.br\/index.php\/wp-json\/wp\/v2\/media?parent=142"}],"curies":[{"name":"wp","href":"https:\/\/api.w.org\/{rel}","templated":true}]}}